{"id":600,"date":"2024-06-20T16:44:14","date_gmt":"2024-06-20T14:44:14","guid":{"rendered":"https:\/\/christophepruvot.org\/?page_id=600"},"modified":"2025-04-15T16:18:57","modified_gmt":"2025-04-15T14:18:57","slug":"accompagnements-gestiondeprojet","status":"publish","type":"page","link":"https:\/\/christophepruvot.org\/index.php\/accompagnements-gestiondeprojet\/","title":{"rendered":"Accompagnements"},"content":{"rendered":"\n<div class=\"wp-block-cover alignfull is-light wp-duotone-unset-1\" style=\"margin-top:0;margin-bottom:0;padding-top:2%;padding-bottom:1.9rem;min-height:220px;aspect-ratio:unset;\"><span aria-hidden=\"true\" class=\"wp-block-cover__background has-background-dim-60 has-background-dim\" style=\"background-color:#c42525\"><\/span><img loading=\"lazy\" decoding=\"async\" width=\"2000\" height=\"1600\" class=\"wp-block-cover__image-background wp-image-1332\" alt=\"\" src=\"http:\/\/christophepruvot.org\/wp-content\/uploads\/2024\/07\/PHOT-POUR-BANDEAU.png\" data-object-fit=\"cover\" srcset=\"https:\/\/christophepruvot.org\/wp-content\/uploads\/2024\/07\/PHOT-POUR-BANDEAU.png 2000w, https:\/\/christophepruvot.org\/wp-content\/uploads\/2024\/07\/PHOT-POUR-BANDEAU-300x240.png 300w, https:\/\/christophepruvot.org\/wp-content\/uploads\/2024\/07\/PHOT-POUR-BANDEAU-1024x819.png 1024w, https:\/\/christophepruvot.org\/wp-content\/uploads\/2024\/07\/PHOT-POUR-BANDEAU-768x614.png 768w, https:\/\/christophepruvot.org\/wp-content\/uploads\/2024\/07\/PHOT-POUR-BANDEAU-1536x1229.png 1536w\" sizes=\"auto, (max-width: 2000px) 100vw, 2000px\" \/><div class=\"wp-block-cover__inner-container has-global-padding is-layout-constrained wp-block-cover-is-layout-constrained\">\n<h2 class=\"wp-block-heading has-custom-couleur-1-background-color has-text-color has-background has-link-color has-x-large-font-size wp-elements-8fb114d8a783b1508a3f866643ea081a\" style=\"color:#ffffff\"><strong><strong>accompagnements<\/strong><\/strong><\/h2>\n\n\n\n<h2 class=\"wp-block-heading has-custom-couleur-1-background-color has-text-color has-background has-link-color has-x-large-font-size wp-elements-ddcf3db1bbe375e7fd23a0156df9122b\" style=\"color:#ffffff\"><strong><strong>gestion de projet<\/strong><\/strong><\/h2>\n\n\n\n<p class=\"has-text-align-left has-text-color has-link-color wp-elements-4b96c5a0bc0c20fa977ceda252bc2fa4\" style=\"color:#fefefe;font-size:clamp(14px, 0.875rem + ((1vw - 3.2px) * 0.114), 15px);\">Toutes ces interventions peuvent se construire sur mesure et sont adaptables en fonction des contextes, des acteurs, des territoires, des milieux, des structures<\/p>\n<\/div><\/div>\n\n\n\n<div class=\"wp-block-group alignfull has-background has-global-padding is-layout-constrained wp-container-core-group-is-layout-71d310a8 wp-block-group-is-layout-constrained\" style=\"border-style:none;border-width:0px;background-color:#f9f8f8;min-height:0px;margin-top:28;margin-bottom:0;padding-top:var(--wp--preset--spacing--50);padding-right:0;padding-bottom:var(--wp--preset--spacing--50);padding-left:0\">\n<h2 class=\"wp-block-heading has-custom-couleur-1-background-color has-text-color has-background has-link-color has-x-large-font-size wp-elements-92487766a65b3914f3e249b236078168\" style=\"color:#000000;line-height:0.7\"><strong><strong><strong>accompagnements<\/strong><\/strong><\/strong><\/h2>\n\n\n\n<p class=\"has-text-color has-link-color has-medium-font-size wp-elements-a0673aa94a8397bdee3ec2344fc320de\" style=\"color:#070707;margin-top:var(--wp--preset--spacing--50);margin-bottom:var(--wp--preset--spacing--50);line-height:1.4;text-transform:none\"><strong>Accompagner les projets : diagnostics, observations, enqu\u00eates, objectifs, plan d\u2019action.<\/strong> C\u2019est un accompagnement \u00e0 la r\u00e9flexion et \u00e0 l\u2019\u00e9criture de vos projets d\u2019\u00e9tablissements, de vos projets \u00e9ducatifs et sociaux. Cet accompagnement est propos\u00e9 sur mesure selon les besoins, les m\u00e9thodes, le temps, etc.<\/p>\n\n\n\n<p class=\"has-text-color has-link-color has-medium-font-size wp-elements-0e9ba9dd0988060ad730188ac4b69747\" style=\"color:#050505;margin-top:var(--wp--preset--spacing--50);margin-bottom:var(--wp--preset--spacing--50);line-height:1.4;text-transform:none\"><strong>Accompagner un diagnostic de territoire.<\/strong> Ici, je propose de faire du diagnostic une v\u00e9ritable recherche sur le terrain d\u2019intervention en utilisant diff\u00e9rents outils comme l\u2019enqu\u00eate, l\u2019observation, le journal de terrain, la photo, le porte-\u00e0-porte, les maraudes, etc. Ce travail est crois\u00e9 avec les donn\u00e9es statistiques, historiques et sociologiques pour permettre une analyse complexe.<\/p>\n\n\n\n<p class=\"has-text-color has-link-color has-medium-font-size wp-elements-9667296314d261a44d680554d26c125f\" style=\"color:#050505;margin-top:var(--wp--preset--spacing--50);margin-bottom:var(--wp--preset--spacing--50);line-height:1.4;text-transform:none\"><strong>Accompagner la gouvernance, les instances de gouvernances et les dirigeants. <\/strong>Penser la gouvernance, c\u2019est penser le mod\u00e8le du pouvoir. Comment les d\u00e9cisions sont prises ou partag\u00e9es ? Qui a le pouvoir ? Comment permettre les contre-pouvoirs et les initiatives ? Comment rendre-compte ? Quels droits, quels devoirs, quelles proc\u00e9dures ?<\/p>\n\n\n\n<p class=\"has-text-color has-link-color has-medium-font-size wp-elements-931e353d55bd56d7424261cbba0ce3b9\" style=\"color:#050505;margin-top:var(--wp--preset--spacing--50);margin-bottom:var(--wp--preset--spacing--50);line-height:1.4;text-transform:none\"><strong>Accompagner les \u00e9quipes : postures, fonctionnement, d\u00e9cision, action, cr\u00e9ativit\u00e9, initiatives. <\/strong>Je peux accompagner une \u00e9quipe de professionnels, de b\u00e9n\u00e9voles dans son fonctionnement, ses pratiques, sa communication, sa force collective. C\u2019est un accompagnement pour travailler ensemble et pour transformer les pratiques professionnelles, pour accompagner les changements, pour proposer des solutions, pour affronter les \u00e9preuves, pour cr\u00e9er et innover,  etc.<\/p>\n\n\n\n<p class=\"has-text-color has-link-color has-medium-font-size wp-elements-a5885d0bddd27d540e0124902b0fe253\" style=\"color:#050505;margin-top:var(--wp--preset--spacing--50);margin-bottom:var(--wp--preset--spacing--50);line-height:1.4;text-transform:none\"><strong>Organiser des s\u00e9minaires sur une th\u00e9matique. <\/strong>L\u2019enjeu d\u2018un s\u00e9minaire est de collaborer autour d\u2019une th\u00e9matique, d\u2019un projet, d\u2019une difficult\u00e9, de projets, etc. Le s\u00e9minaire propose des pistes de r\u00e9ponses et d\u2019actions. Un s\u00e9minaire peut s\u2019\u00e9taler sur une ou deux journ\u00e9es en semaine ou en week-end. Le s\u00e9minaire est \u00e0 penser ensemble.<\/p>\n\n\n\n<p class=\"has-text-color has-link-color has-medium-font-size wp-elements-6ae4fa3abbaf0b34eb4d8eaf3619cc43\" style=\"color:#050505;margin-top:var(--wp--preset--spacing--50);margin-bottom:var(--wp--preset--spacing--50);line-height:1.4;text-transform:none\"><strong>Animer des groupes de partages et d\u2019\u00e9changes d\u2019exp\u00e9riences. <\/strong>Dans ce temps d\u2019\u00e9changes, nous partons du v\u00e9cu des professionnels pour en faire un temps d\u2019analyse mais surtout d\u2019auto-formation. Nous travaillons \u00e0 partir de l\u2019exemple, nous nous appuyons sur la force du collectif et sur l\u2019intelligence du groupe pour apportons des solutions. Ces temps peuvent \u00eatre r\u00e9guliers ou ponctuels et se d\u00e9terminent en fonction des ressources.<\/p>\n\n\n\n<p class=\"has-text-color has-link-color has-medium-font-size wp-elements-c035b74e76ab19caecfa26fce8c2e5e0\" style=\"color:#050505;margin-top:var(--wp--preset--spacing--50);margin-bottom:var(--wp--preset--spacing--50);line-height:1.4;text-transform:none\"><strong>Accompagner un collectif sur une action en p\u00e9dagogie sociale \u00e0 moyen et long terme (ateliers \u00e9ducatifs, accueil inconditionnel, \u00ab&nbsp;hors les murs&nbsp;\u00bb, accueils d\u2019enfants, scolarit\u00e9). <\/strong>Vous souhaitez mettre en place des ateliers de rue (en centre social ou MJC) ou les m\u00e9thodes Freinet (en centres de loisirs, en accompagnement \u00e0 la scolarit\u00e9). Je propose un accompagnement\/formation sur site avec l\u2019\u00e9quipe, nous travaillerons ensemble sur un temps&nbsp; long, nous pratiquerons, nous exp\u00e9rimenterons, nous apprendrons.<\/p>\n<\/div>\n\n\n\n<figure class=\"wp-block-image size-full is-resized has-custom-border\" style=\"margin-bottom:var(--wp--preset--spacing--50)\"><img loading=\"lazy\" decoding=\"async\" width=\"1000\" height=\"800\" src=\"http:\/\/christophepruvot.org\/wp-content\/uploads\/2024\/07\/60.png\" alt=\"\" class=\"wp-image-1376\" style=\"border-radius:10px;width:600px\" srcset=\"https:\/\/christophepruvot.org\/wp-content\/uploads\/2024\/07\/60.png 1000w, https:\/\/christophepruvot.org\/wp-content\/uploads\/2024\/07\/60-300x240.png 300w, https:\/\/christophepruvot.org\/wp-content\/uploads\/2024\/07\/60-768x614.png 768w\" sizes=\"auto, (max-width: 1000px) 100vw, 1000px\" \/><\/figure>\n\n\n\n<div class=\"wp-block-cover alignfull wp-duotone-unset-2\" style=\"margin-top:0;margin-bottom:0;padding-top:var(--wp--preset--spacing--50);padding-bottom:1.9rem;min-height:113px;aspect-ratio:unset;\"><span aria-hidden=\"true\" class=\"wp-block-cover__background has-background-dim-100 has-background-dim\" style=\"background-color:#c42525\"><\/span><div class=\"wp-block-cover__inner-container has-global-padding is-layout-constrained wp-block-cover-is-layout-constrained\">\n<p class=\"has-text-align-center has-large-font-size\"><\/p>\n<\/div><\/div>\n\n\n\n<div class=\"wp-block-group alignwide has-global-padding is-content-justification-center is-layout-constrained wp-container-core-group-is-layout-91a56207 wp-block-group-is-layout-constrained\" style=\"padding-top:var(--wp--preset--spacing--50);padding-bottom:var(--wp--preset--spacing--50)\">\n<h2 class=\"wp-block-heading has-custom-couleur-1-background-color has-text-color has-background has-link-color has-x-large-font-size wp-elements-727987e1e39feeb7ec0e0bf5a42a5abf\" style=\"color:#000000;line-height:0.7\"><strong><strong><strong><strong>GESTION DE PROJET<\/strong><\/strong><\/strong><\/strong><\/h2>\n\n\n\n<p class=\"has-medium-font-size\" style=\"text-transform:none\">La gestion de projet est un domaine crucial pour la r\u00e9alisation efficace et efficiente des objectifs d&rsquo;une organisation \u00e9ducative, sociale ou de d\u00e9veloppement local. La gestion de projet en d\u00e9veloppement social pr\u00e9sente des d\u00e9fis et des opportunit\u00e9s uniques. Les projets dans ce domaine visent souvent \u00e0 am\u00e9liorer les conditions de vie des populations fragilis\u00e9es et\/ou vuln\u00e9rables, \u00e0 promouvoir l&rsquo;inclusion sociale et \u00e0 soutenir le d\u00e9veloppement communautaire.<\/p>\n\n\n\n<p class=\"has-medium-font-size\" style=\"text-transform:none\">L\u2019intervention propos\u00e9e est structur\u00e9e selon une offre regroupant divers axes ou services dont en voici une id\u00e9e (non exhaustive).&nbsp;<\/p>\n\n\n\n<p class=\"has-text-color has-link-color has-medium-font-size wp-elements-c5347c688403d66f4bf68c22ada6a5c0\" style=\"color:#c42525;text-transform:none\"><strong>Axe &#8211; service : Conception et planification de projets de d\u00e9veloppement social :<\/strong><\/p>\n\n\n\n<p class=\"has-text-color has-link-color has-medium-font-size wp-elements-dae8d02ed9e58de96c570273ea860749\" style=\"color:#c42525;text-transform:none\"><strong>Axe &#8211; service : Mise en oeuvre et gestion op\u00e9rationnelle :<\/strong><\/p>\n\n\n\n<p class=\"has-text-color has-link-color has-medium-font-size wp-elements-b671046ba09096cb4fe735eb9ae1abee\" style=\"color:#c42525;text-transform:none\"><strong>Axe &#8211; service : Gestion des risques et adaptation :<\/strong><\/p>\n\n\n\n<p class=\"has-text-color has-link-color has-medium-font-size wp-elements-96d87d51efa83107f3c35653dc8acbb8\" style=\"color:#c42525;text-transform:none\"><strong>Axe &#8211; service : Mobilisation de ressources et partenariats<\/strong><\/p>\n\n\n\n<p class=\"has-text-color has-link-color has-medium-font-size wp-elements-0fb4ff4ab9f25bd127549906e0d9efd7\" style=\"color:#c42525;text-transform:none\"><strong>Axe &#8211; service: Suivi, \u00e9valuation et apprentissage<\/strong><strong>&nbsp;<\/strong><\/p>\n\n\n\n<p class=\"has-text-color has-link-color has-medium-font-size wp-elements-5ebbe1f33c5210b59c035a16db2da995\" style=\"color:#c42525;text-transform:none\"><strong>Axe &#8211; service : Audit et optimisation de projets<\/strong><\/p>\n\n\n\n<p class=\"has-text-color has-link-color has-medium-font-size wp-elements-07e075b39bea5ddb0fc97f86c44b01e6\" style=\"color:#c42525;text-transform:none\"><strong>Axe &#8211; service : Formation et d\u00e9veloppement des comp\u00e9tences<\/strong><\/p>\n\n\n\n<figure class=\"wp-block-image aligncenter size-full is-resized has-custom-border wp-duotone-unset-3\"><img loading=\"lazy\" decoding=\"async\" width=\"1000\" height=\"800\" src=\"https:\/\/christophepruvot.org\/wp-content\/uploads\/2024\/07\/58-1.png\" alt=\"\" class=\"wp-image-1383\" style=\"border-radius:10px;width:600px\" srcset=\"https:\/\/christophepruvot.org\/wp-content\/uploads\/2024\/07\/58-1.png 1000w, https:\/\/christophepruvot.org\/wp-content\/uploads\/2024\/07\/58-1-300x240.png 300w, https:\/\/christophepruvot.org\/wp-content\/uploads\/2024\/07\/58-1-768x614.png 768w\" sizes=\"auto, (max-width: 1000px) 100vw, 1000px\" \/><\/figure>\n\n\n\n<div class=\"wp-block-buttons has-custom-font-size has-small-font-size is-content-justification-center is-layout-flex wp-container-core-buttons-is-layout-a89b3969 wp-block-buttons-is-layout-flex\">\n<div class=\"wp-block-button has-custom-width wp-block-button__width-50 has-custom-font-size has-medium-font-size\"><a class=\"wp-block-button__link has-background wp-element-button\" href=\"http:\/\/christophepruvot.org\/wp-content\/uploads\/2024\/07\/Fiche-consultant-gestion-de-projet_compressed.pdf\" style=\"background-color:#c42525\" target=\"_blank\" rel=\"noreferrer noopener\"><strong>VOIR &amp; T\u00e9l\u00e9charger la proposition \u00ab\u00a0gestion de projet\u00a0\u00bb<\/strong><\/a><\/div>\n<\/div>\n<\/div>\n","protected":false},"excerpt":{"rendered":"<p>accompagnements Accompagner les projets : diagnostics, observations, enqu\u00eates, objectifs, plan d\u2019action. C\u2019est un accompagnement \u00e0 la r\u00e9flexion et \u00e0 l\u2019\u00e9criture de vos projets d\u2019\u00e9tablissements, de vos projets \u00e9ducatifs et sociaux. Cet accompagnement est propos\u00e9 sur mesure selon les besoins, les m\u00e9thodes, le temps, etc. Accompagner un diagnostic de territoire. Ici, je propose de faire du [&hellip;]<\/p>\n","protected":false},"author":1,"featured_media":0,"parent":0,"menu_order":0,"comment_status":"closed","ping_status":"closed","template":"","meta":{"footnotes":""},"class_list":["post-600","page","type-page","status-publish","hentry"],"_links":{"self":[{"href":"https:\/\/christophepruvot.org\/index.php\/wp-json\/wp\/v2\/pages\/600","targetHints":{"allow":["GET"]}}],"collection":[{"href":"https:\/\/christophepruvot.org\/index.php\/wp-json\/wp\/v2\/pages"}],"about":[{"href":"https:\/\/christophepruvot.org\/index.php\/wp-json\/wp\/v2\/types\/page"}],"author":[{"embeddable":true,"href":"https:\/\/christophepruvot.org\/index.php\/wp-json\/wp\/v2\/users\/1"}],"replies":[{"embeddable":true,"href":"https:\/\/christophepruvot.org\/index.php\/wp-json\/wp\/v2\/comments?post=600"}],"version-history":[{"count":62,"href":"https:\/\/christophepruvot.org\/index.php\/wp-json\/wp\/v2\/pages\/600\/revisions"}],"predecessor-version":[{"id":1890,"href":"https:\/\/christophepruvot.org\/index.php\/wp-json\/wp\/v2\/pages\/600\/revisions\/1890"}],"wp:attachment":[{"href":"https:\/\/christophepruvot.org\/index.php\/wp-json\/wp\/v2\/media?parent=600"}],"curies":[{"name":"wp","href":"https:\/\/api.w.org\/{rel}","templated":true}]}}