{"id":14,"date":"2024-06-13T21:09:31","date_gmt":"2024-06-13T19:09:31","guid":{"rendered":"https:\/\/christophepruvot.org\/?page_id=14"},"modified":"2025-04-08T23:15:33","modified_gmt":"2025-04-08T21:15:33","slug":"conference-gesticulee","status":"publish","type":"page","link":"https:\/\/christophepruvot.org\/index.php\/conference-gesticulee\/","title":{"rendered":"Conf\u00e9rence gesticul\u00e9e"},"content":{"rendered":"\n<div class=\"wp-block-cover alignfull is-light wp-duotone-unset-1\" style=\"margin-top:0;margin-bottom:0;padding-top:2%;padding-bottom:1.9rem;min-height:220px;aspect-ratio:unset;\"><span aria-hidden=\"true\" class=\"wp-block-cover__background has-background-dim-60 has-background-dim\" style=\"background-color:#c42525\"><\/span><img loading=\"lazy\" decoding=\"async\" width=\"2000\" height=\"1600\" class=\"wp-block-cover__image-background wp-image-1332\" alt=\"\" src=\"http:\/\/christophepruvot.org\/wp-content\/uploads\/2024\/07\/PHOT-POUR-BANDEAU.png\" data-object-fit=\"cover\" srcset=\"https:\/\/christophepruvot.org\/wp-content\/uploads\/2024\/07\/PHOT-POUR-BANDEAU.png 2000w, https:\/\/christophepruvot.org\/wp-content\/uploads\/2024\/07\/PHOT-POUR-BANDEAU-300x240.png 300w, https:\/\/christophepruvot.org\/wp-content\/uploads\/2024\/07\/PHOT-POUR-BANDEAU-1024x819.png 1024w, https:\/\/christophepruvot.org\/wp-content\/uploads\/2024\/07\/PHOT-POUR-BANDEAU-768x614.png 768w, https:\/\/christophepruvot.org\/wp-content\/uploads\/2024\/07\/PHOT-POUR-BANDEAU-1536x1229.png 1536w\" sizes=\"auto, (max-width: 2000px) 100vw, 2000px\" \/><div class=\"wp-block-cover__inner-container has-global-padding is-layout-constrained wp-block-cover-is-layout-constrained\">\n<h2 class=\"wp-block-heading has-custom-couleur-1-background-color has-text-color has-background has-link-color has-x-large-font-size wp-elements-e9c13a21641c8f5285dcb53d620febc0\" style=\"color:#ffffff\"><strong><strong>La conf\u00e9rence gesticul\u00e9e<\/strong><\/strong><\/h2>\n<\/div><\/div>\n\n\n\n<div class=\"wp-block-group alignfull has-global-padding is-layout-constrained wp-container-core-group-is-layout-4383d167 wp-block-group-is-layout-constrained\">\n<div class=\"wp-block-group alignwide has-global-padding is-layout-constrained wp-container-core-group-is-layout-bea9516c wp-block-group-is-layout-constrained\" style=\"margin-top:0;margin-bottom:0;padding-top:37px;padding-bottom:100px\">\n<div class=\"wp-block-columns is-layout-flex wp-container-core-columns-is-layout-92515837 wp-block-columns-is-layout-flex\">\n<div class=\"wp-block-column is-layout-flow wp-block-column-is-layout-flow\">\n<figure class=\"wp-block-image alignleft size-full is-resized has-custom-border wp-duotone-unset-2\"><img loading=\"lazy\" decoding=\"async\" width=\"1237\" height=\"1750\" src=\"https:\/\/christophepruvot.org\/wp-content\/uploads\/2025\/04\/affiche-conf-site.png\" alt=\"\" class=\"wp-image-1669\" style=\"border-width:1px;border-radius:10px;width:537px;height:auto\" srcset=\"https:\/\/christophepruvot.org\/wp-content\/uploads\/2025\/04\/affiche-conf-site.png 1237w, https:\/\/christophepruvot.org\/wp-content\/uploads\/2025\/04\/affiche-conf-site-212x300.png 212w, https:\/\/christophepruvot.org\/wp-content\/uploads\/2025\/04\/affiche-conf-site-724x1024.png 724w, https:\/\/christophepruvot.org\/wp-content\/uploads\/2025\/04\/affiche-conf-site-768x1086.png 768w, https:\/\/christophepruvot.org\/wp-content\/uploads\/2025\/04\/affiche-conf-site-1086x1536.png 1086w\" sizes=\"auto, (max-width: 1237px) 100vw, 1237px\" \/><\/figure>\n<\/div>\n\n\n\n<div class=\"wp-block-column is-vertically-aligned-center has-global-padding is-content-justification-left is-layout-constrained wp-container-core-column-is-layout-12dd3699 wp-block-column-is-layout-constrained\">\n<h3 class=\"wp-block-heading has-text-align-left has-text-color has-suranna-font-family\" style=\"color:#000000;margin-top:0.5rem;margin-bottom:0rem;font-size:clamp(16.834px, 1.052rem + ((1vw - 3.2px) * 1.042), 26px);font-style:normal;font-weight:500;letter-spacing:0px;line-height:1.3\"><strong>\u00ab&nbsp;animation socioculturelle ou socio-consensuelle : c\u2019est quand qu\u2019on va o\u00f9 ?&nbsp;\u00bb<\/strong><\/h3>\n\n\n\n<hr class=\"wp-block-separator has-alpha-channel-opacity\"\/>\n\n\n\n<p class=\"has-text-color has-link-color has-pontano-sans-font-family has-medium-font-size wp-elements-774a3d32b293fa1635bbbb8880b8e179\" style=\"color:#000000;line-height:1.4;text-transform:none\">Politiques publiques, institutions \u00ab&nbsp;traditionnelles&nbsp;\u00bb, d\u00e9centralisation\u2026 l\u2019animation socioculturelle croule sous la gestion. Le temps libre n\u2019est pas du temps lib\u00e9r\u00e9, le temps libre est \u00e0 occuper et l\u2019animateur doit occuper \u00ab&nbsp;les publics&nbsp;\u00bb, l\u2019animateur doit divertir. Il faut int\u00e9grer les plus pauvres, \u00ab&nbsp;porteurs de mis\u00e8re&nbsp;\u00bb, pour \u00e9viter toutes formes de r\u00e9bellion et d\u2019\u00e9mancipation. Le travail social et \u00e9ducatif est devenu l\u2019op\u00e9rateur d\u2019un \u00c9tat qui pacifie et qui interdit le conflit, la contestation, la confrontation, la controverse. Dans cette \u00ab&nbsp;histoire&nbsp;\u00bb, le centre social est, au mieux, pacificateur ou r\u00e9parateur\u2026 au pire collaborateur et au service (ou sous influence) des pouvoirs publics. Les rapports sociaux de domination sont ni\u00e9s et invisibilis\u00e9s. Le mod\u00e8le de l\u2019\u00e9conomie capitaliste s\u2019est diffus\u00e9 dans le champ du travail social et \u00e9ducatif. Il est temps de prendre le chemin d\u2019une \u00e9ducation populaire politique. Cette conf\u00e9rence gesticul\u00e9e montre les possibles en ne cachant rien des pratiques gestionnaires et capitalistes qui envahissent le quotidien des structures de l\u2019animation de la vie sociale\u2026 mais il existe des pratiques \u00e0 vis\u00e9e \u00e9mancipatrice&nbsp;: \u00e0 la rencontre de la p\u00e9dagogie sociale.<\/p>\n<\/div>\n<\/div>\n\n\n\n<div class=\"wp-block-columns is-layout-flex wp-container-core-columns-is-layout-28f84493 wp-block-columns-is-layout-flex\">\n<div class=\"wp-block-column is-layout-flow wp-block-column-is-layout-flow\">\n<div class=\"wp-block-buttons is-horizontal is-content-justification-center is-layout-flex wp-container-core-buttons-is-layout-536c719d wp-block-buttons-is-layout-flex\" style=\"margin-top:20px\">\n<div class=\"wp-block-button has-custom-width wp-block-button__width-50 has-custom-font-size is-style-fill has-pontano-sans-font-family\" style=\"font-size:clamp(0.875rem, 0.875rem + ((1vw - 0.2rem) * 0.245), 1.01rem);font-style:normal;font-weight:600;letter-spacing:1px;line-height:1.5;text-transform:uppercase\"><a class=\"wp-block-button__link has-background wp-element-button\" href=\"http:\/\/christophepruvot.org\/wp-content\/uploads\/2024\/06\/Presentation-conf-CP.pdf\" style=\"border-style:none;border-width:0px;border-radius:10px;background-color:#c42525;padding-top:1.3rem;padding-right:2.2rem;padding-bottom:1.3rem;padding-left:2.2rem\" target=\"_blank\" rel=\"noreferrer noopener\">La plaquette de la conf&rsquo; \u00e0 t\u00e9l\u00e9charger<\/a><\/div>\n<\/div>\n<\/div>\n<\/div>\n<\/div>\n<\/div>\n\n\n\n<p><\/p>\n\n\n\n<div class=\"wp-block-group alignfull has-global-padding is-layout-constrained wp-container-core-group-is-layout-4383d167 wp-block-group-is-layout-constrained\">\n<div class=\"wp-block-group alignwide has-global-padding is-layout-constrained wp-container-core-group-is-layout-1be1424c wp-block-group-is-layout-constrained\" style=\"margin-top:0;margin-bottom:0;padding-bottom:100px\">\n<div class=\"wp-block-columns is-layout-flex wp-container-core-columns-is-layout-92515837 wp-block-columns-is-layout-flex\">\n<div class=\"wp-block-column is-vertically-aligned-center has-global-padding is-content-justification-left is-layout-constrained wp-container-core-column-is-layout-12dd3699 wp-block-column-is-layout-constrained\">\n<h3 class=\"wp-block-heading has-text-align-left has-text-color has-suranna-font-family\" style=\"color:#000000;margin-top:0.5rem;margin-bottom:0rem;font-size:clamp(14px, 0.875rem + ((1vw - 3.2px) * 0.455), 18px);font-style:normal;font-weight:500;letter-spacing:0px;line-height:1.3\"><strong>Une conf\u00e9rence gesticul\u00e9e, c\u2019est quoi exactement ?<\/strong><\/h3>\n\n\n\n<hr class=\"wp-block-separator has-alpha-channel-opacity\"\/>\n\n\n\n<p class=\"has-text-color has-link-color has-medium-font-size wp-elements-9560b04138a8000978acb83785718ee7\" style=\"color:#050505;line-height:1.4;text-transform:none\">La conf\u00e9rence gesticul\u00e9e d\u00e9voile, d\u00e9nonce, questionne et analyse les m\u00e9canismes d\u2019une domination dans un domaine donn\u00e9.<\/p>\n\n\n\n<p class=\"has-text-color has-link-color has-medium-font-size wp-elements-3c748bb883efc92f8f2f46c99f28e3d7\" style=\"color:#040404;padding-top:0;padding-right:0;padding-bottom:0;padding-left:0;line-height:1.4;text-transform:none\">Le gesticulant parle : anecdotes professionnelles, souvenirs d\u2019enfance, souvenirs de dominations, souvenirs de luttes, pens\u00e9es intimes, indignations, prises de conscience, contradictions, douleurs, joies, espoirs, savoirs th\u00e9oriques, techniques\u2026 Il dit comment il pense que le monde devrait \u00eatre et comment y arriver.<\/p>\n\n\n\n<p class=\"has-text-color has-link-color has-medium-font-size wp-elements-70a0249032d94952fc243c6833cb060e\" style=\"color:#050505;line-height:1.4;text-transform:none\">Les gens qui sont venus voir et \u00e9couter : ils apprennent des choses, r\u00e9fl\u00e9chissent, comprennent des choses, reconnaissent des choses. Ils rient, pleurent, se mettent en col\u00e8re\u2026<\/p>\n<\/div>\n\n\n\n<div class=\"wp-block-column is-layout-flow wp-block-column-is-layout-flow\">\n<figure class=\"wp-block-image alignright size-full is-resized has-custom-border\"><img loading=\"lazy\" decoding=\"async\" width=\"750\" height=\"1000\" src=\"http:\/\/christophepruvot.org\/wp-content\/uploads\/2024\/06\/page-conf-1.jpg\" alt=\"\" class=\"wp-image-714\" style=\"border-radius:10px;aspect-ratio:0.6666666666666666;object-fit:cover;width:338px;height:auto\" srcset=\"https:\/\/christophepruvot.org\/wp-content\/uploads\/2024\/06\/page-conf-1.jpg 750w, https:\/\/christophepruvot.org\/wp-content\/uploads\/2024\/06\/page-conf-1-225x300.jpg 225w\" sizes=\"auto, (max-width: 750px) 100vw, 750px\" \/><\/figure>\n<\/div>\n<\/div>\n<\/div>\n<\/div>\n\n\n\n<div class=\"wp-block-group alignfull has-global-padding is-layout-constrained wp-container-core-group-is-layout-4383d167 wp-block-group-is-layout-constrained\">\n<div class=\"wp-block-group alignwide has-global-padding is-layout-constrained wp-container-core-group-is-layout-1be1424c wp-block-group-is-layout-constrained\" style=\"margin-top:0;margin-bottom:0;padding-bottom:100px\">\n<div class=\"wp-block-columns is-layout-flex wp-container-core-columns-is-layout-92515837 wp-block-columns-is-layout-flex\">\n<div class=\"wp-block-column is-layout-flow wp-block-column-is-layout-flow\">\n<figure class=\"wp-block-image alignleft size-full is-resized has-custom-border\"><img loading=\"lazy\" decoding=\"async\" width=\"750\" height=\"1000\" src=\"http:\/\/christophepruvot.org\/wp-content\/uploads\/2024\/06\/page-conf-2.jpg\" alt=\"\" class=\"wp-image-715\" style=\"border-radius:10px;width:594px;height:auto\" srcset=\"https:\/\/christophepruvot.org\/wp-content\/uploads\/2024\/06\/page-conf-2.jpg 750w, https:\/\/christophepruvot.org\/wp-content\/uploads\/2024\/06\/page-conf-2-225x300.jpg 225w\" sizes=\"auto, (max-width: 750px) 100vw, 750px\" \/><\/figure>\n<\/div>\n\n\n\n<div class=\"wp-block-column is-vertically-aligned-center has-global-padding is-content-justification-left is-layout-constrained wp-container-core-column-is-layout-12dd3699 wp-block-column-is-layout-constrained\">\n<p class=\"has-text-color has-background has-link-color has-medium-font-size wp-elements-ee8de006936d29e36b3d77f47ca952ae\" style=\"color:#070707;background-color:#06060603\"><strong>Les petites infos en plus.<\/strong><\/p>\n\n\n\n<p class=\"has-text-color has-link-color has-medium-font-size wp-elements-e666cbcf054fa3b68c0720f62731fdda\" style=\"color:#050505;text-transform:none\">Dur\u00e9e de la conf\u00e9rence&nbsp;: 1H30<\/p>\n\n\n\n<p class=\"has-text-color has-link-color has-medium-font-size wp-elements-2014256198c3b6193e08daab56bda290\" style=\"color:#070707;text-transform:none\">Date de cr\u00e9ation&nbsp;: f\u00e9vrier 2023<\/p>\n\n\n\n<p class=\"has-text-color has-link-color has-medium-font-size wp-elements-6bfda07b78364d9395c117b999cf79f6\" style=\"color:#070707;line-height:1.4;text-transform:none\">Besoin en mat\u00e9riel&nbsp;: une petite table, deux chaises, une petite sono (selon la salle) pour un micro-cravate et une guitare (mat\u00e9riel apport\u00e9 par le gesticulant).<\/p>\n\n\n\n<p class=\"has-text-color has-link-color has-medium-font-size wp-elements-08148c3ef81712af01d1035d28181973\" style=\"color:#040404\"><strong>Et si on ne s\u2019arr\u00eatait pas l\u00e0.<\/strong><\/p>\n\n\n\n<p class=\"has-text-color has-link-color has-medium-font-size wp-elements-b63f835d971691d6255c737ac2c6297e\" style=\"color:#050505;line-height:1.4;text-transform:none\">La conf\u00e9rence peut \u00eatre suivie d\u2019un temps d\u2019\u00e9change autour d\u2019un verre et d\u2019une collation.<\/p>\n\n\n\n<p class=\"has-text-color has-link-color has-medium-font-size wp-elements-6d4ccb295b6f1b894b8756c722a2daf3\" style=\"color:#070707;line-height:1.4;text-transform:none\">La conf\u00e9rence est, aussi, l\u2019occasion de mettre en place des ateliers&nbsp;: langue de bois, comprendre le syst\u00e8me, analyser les rapports de domination, capitalisme et communisme, d\u00e9couvrir la p\u00e9dagogie sociale \u2026<\/p>\n\n\n\n<p class=\"has-text-color has-link-color has-medium-font-size wp-elements-30ba789b8e865eb7e88af0e66d52b73d\" style=\"color:#050505\"><strong>A qui s\u2019adresse cette conf\u00e9rence.<\/strong><\/p>\n\n\n\n<p class=\"has-text-color has-link-color has-medium-font-size wp-elements-024814c1bd53f251f4b5b076350fded9\" style=\"color:#060606;line-height:1.4;text-transform:none\">Aux professionnels (ou futurs professionnels), b\u00e9n\u00e9voles des structures de l\u2019animation, du travail social, du travail \u00e9ducatif. \u00c0 toutes celles et ceux qui fr\u00e9quentent ces structures, qui se forment, qui y travaillent, qui souhaitent y travailler.<\/p>\n<\/div>\n<\/div>\n<\/div>\n<\/div>\n","protected":false},"excerpt":{"rendered":"<p>\u00ab&nbsp;animation socioculturelle ou socio-consensuelle : c\u2019est quand qu\u2019on va o\u00f9 ?&nbsp;\u00bb Politiques publiques, institutions \u00ab&nbsp;traditionnelles&nbsp;\u00bb, d\u00e9centralisation\u2026 l\u2019animation socioculturelle croule sous la gestion. Le temps libre n\u2019est pas du temps lib\u00e9r\u00e9, le temps libre est \u00e0 occuper et l\u2019animateur doit occuper \u00ab&nbsp;les publics&nbsp;\u00bb, l\u2019animateur doit divertir. Il faut int\u00e9grer les plus pauvres, \u00ab&nbsp;porteurs de mis\u00e8re&nbsp;\u00bb, pour [&hellip;]<\/p>\n","protected":false},"author":1,"featured_media":0,"parent":0,"menu_order":0,"comment_status":"closed","ping_status":"closed","template":"","meta":{"footnotes":""},"class_list":["post-14","page","type-page","status-publish","hentry"],"_links":{"self":[{"href":"https:\/\/christophepruvot.org\/index.php\/wp-json\/wp\/v2\/pages\/14","targetHints":{"allow":["GET"]}}],"collection":[{"href":"https:\/\/christophepruvot.org\/index.php\/wp-json\/wp\/v2\/pages"}],"about":[{"href":"https:\/\/christophepruvot.org\/index.php\/wp-json\/wp\/v2\/types\/page"}],"author":[{"embeddable":true,"href":"https:\/\/christophepruvot.org\/index.php\/wp-json\/wp\/v2\/users\/1"}],"replies":[{"embeddable":true,"href":"https:\/\/christophepruvot.org\/index.php\/wp-json\/wp\/v2\/comments?post=14"}],"version-history":[{"count":60,"href":"https:\/\/christophepruvot.org\/index.php\/wp-json\/wp\/v2\/pages\/14\/revisions"}],"predecessor-version":[{"id":1670,"href":"https:\/\/christophepruvot.org\/index.php\/wp-json\/wp\/v2\/pages\/14\/revisions\/1670"}],"wp:attachment":[{"href":"https:\/\/christophepruvot.org\/index.php\/wp-json\/wp\/v2\/media?parent=14"}],"curies":[{"name":"wp","href":"https:\/\/api.w.org\/{rel}","templated":true}]}}